{"id":113,"date":"2020-03-25T11:31:20","date_gmt":"2020-03-25T16:31:20","guid":{"rendered":"https:\/\/unidadnapo.edu.ec\/paginaweb\/?page_id=113"},"modified":"2020-03-25T14:56:10","modified_gmt":"2020-03-25T19:56:10","slug":"tareas","status":"publish","type":"page","link":"https:\/\/unidadnapo.edu.ec\/paginaweb\/tareas\/","title":{"rendered":"Subir Tareas"},"content":{"rendered":"\n<h2 class=\"wp-block-heading\">Comunicado:<\/h2>\n\n\n\n<p>Este espacio es exclusivo para subir las tareas consolidadas por parte de los tutores y coordinadores de nivel de inicial, b\u00e1sica elemental y media.  Ning\u00fan docente puede subir sus tareas escolares sin la verificaci\u00f3n de su coordinador de \u00e1rea o nivel.  <\/p>\n\n\n\n<p>Por seguridad, cada tutor o coordinador de nivel debe ingresar con una cuenta de gmail personal.  En caso que no lo posea, debe crear una por una sola vez.<\/p>\n\n\n\n<p>En esta semana corresponda del lunes 30 de marzo al viernes 3 de abril.<\/p>\n\n\n\n<div class=\"wp-block-image\"><figure class=\"aligncenter size-large is-resized\"><a href=\"https:\/\/forms.gle\/HS7KqimX6o96z1a66\" target=\"_blank\" rel=\"noreferrer noopener\"><img loading=\"lazy\" decoding=\"async\" src=\"https:\/\/cdn.pixabay.com\/photo\/2016\/01\/03\/00\/43\/upload-1118929_960_720.png\" alt=\"\" width=\"125\" height=\"125\"\/><\/a><figcaption>Clic en la imagen<\/figcaption><\/figure><\/div>\n\n\n\n<div class=\"wp-block-image\"><figure class=\"aligncenter size-large is-resized\"><img loading=\"lazy\" decoding=\"async\" src=\"https:\/\/unidadnapo.edu.ec\/paginaweb\/wp-content\/uploads\/2020\/03\/Validaci\u00f3n-tareas-UEN-1-1024x719.png\" alt=\"\" class=\"wp-image-115\" width=\"608\" height=\"427\" srcset=\"https:\/\/unidadnapo.edu.ec\/paginaweb\/wp-content\/uploads\/2020\/03\/Validaci\u00f3n-tareas-UEN-1-1024x719.png 1024w, https:\/\/unidadnapo.edu.ec\/paginaweb\/wp-content\/uploads\/2020\/03\/Validaci\u00f3n-tareas-UEN-1-300x211.png 300w, https:\/\/unidadnapo.edu.ec\/paginaweb\/wp-content\/uploads\/2020\/03\/Validaci\u00f3n-tareas-UEN-1-768x540.png 768w, https:\/\/unidadnapo.edu.ec\/paginaweb\/wp-content\/uploads\/2020\/03\/Validaci\u00f3n-tareas-UEN-1.png 1089w\" sizes=\"auto, (max-width: 608px) 100vw, 608px\" \/><\/figure><\/div>\n","protected":false},"excerpt":{"rendered":"<p>Comunicado: Este espacio es exclusivo para subir las tareas consolidadas por parte de los tutores y coordinadores de nivel de &hellip; <\/p>\n","protected":false},"author":1,"featured_media":0,"parent":0,"menu_order":0,"comment_status":"closed","ping_status":"closed","template":"","meta":{"footnotes":""},"class_list":["post-113","page","type-page","status-publish","hentry"],"_links":{"self":[{"href":"https:\/\/unidadnapo.edu.ec\/paginaweb\/wp-json\/wp\/v2\/pages\/113","targetHints":{"allow":["GET"]}}],"collection":[{"href":"https:\/\/unidadnapo.edu.ec\/paginaweb\/wp-json\/wp\/v2\/pages"}],"about":[{"href":"https:\/\/unidadnapo.edu.ec\/paginaweb\/wp-json\/wp\/v2\/types\/page"}],"author":[{"embeddable":true,"href":"https:\/\/unidadnapo.edu.ec\/paginaweb\/wp-json\/wp\/v2\/users\/1"}],"replies":[{"embeddable":true,"href":"https:\/\/unidadnapo.edu.ec\/paginaweb\/wp-json\/wp\/v2\/comments?post=113"}],"version-history":[{"count":10,"href":"https:\/\/unidadnapo.edu.ec\/paginaweb\/wp-json\/wp\/v2\/pages\/113\/revisions"}],"predecessor-version":[{"id":132,"href":"https:\/\/unidadnapo.edu.ec\/paginaweb\/wp-json\/wp\/v2\/pages\/113\/revisions\/132"}],"wp:attachment":[{"href":"https:\/\/unidadnapo.edu.ec\/paginaweb\/wp-json\/wp\/v2\/media?parent=113"}],"curies":[{"name":"wp","href":"https:\/\/api.w.org\/{rel}","templated":true}]}}