{"id":261,"date":"2020-09-21T18:39:35","date_gmt":"2020-09-21T23:39:35","guid":{"rendered":"https:\/\/unidadnapo.edu.ec\/paginaweb\/?page_id=261"},"modified":"2020-09-21T18:39:36","modified_gmt":"2020-09-21T23:39:36","slug":"resena-historica","status":"publish","type":"page","link":"https:\/\/unidadnapo.edu.ec\/paginaweb\/resena-historica\/","title":{"rendered":"Rese\u00f1a Hist\u00f3rica"},"content":{"rendered":"\n<figure class=\"wp-block-gallery columns-2 is-cropped wp-block-gallery-1 is-layout-flex wp-block-gallery-is-layout-flex\"><ul class=\"blocks-gallery-grid\"><li class=\"blocks-gallery-item\"><figure><img loading=\"lazy\" decoding=\"async\" width=\"1024\" height=\"576\" src=\"https:\/\/unidadnapo.edu.ec\/paginaweb\/wp-content\/uploads\/2020\/09\/incio-de-clases-1024x576.jpeg\" alt=\"\" data-id=\"262\" data-full-url=\"https:\/\/unidadnapo.edu.ec\/paginaweb\/wp-content\/uploads\/2020\/09\/incio-de-clases.jpeg\" data-link=\"https:\/\/unidadnapo.edu.ec\/paginaweb\/?attachment_id=262\" class=\"wp-image-262\" srcset=\"https:\/\/unidadnapo.edu.ec\/paginaweb\/wp-content\/uploads\/2020\/09\/incio-de-clases-1024x576.jpeg 1024w, https:\/\/unidadnapo.edu.ec\/paginaweb\/wp-content\/uploads\/2020\/09\/incio-de-clases-300x169.jpeg 300w, https:\/\/unidadnapo.edu.ec\/paginaweb\/wp-content\/uploads\/2020\/09\/incio-de-clases-768x432.jpeg 768w, https:\/\/unidadnapo.edu.ec\/paginaweb\/wp-content\/uploads\/2020\/09\/incio-de-clases.jpeg 1280w\" sizes=\"auto, (max-width: 1024px) 100vw, 1024px\" \/><\/figure><\/li><li class=\"blocks-gallery-item\"><figure><img loading=\"lazy\" decoding=\"async\" width=\"1024\" height=\"768\" src=\"https:\/\/unidadnapo.edu.ec\/paginaweb\/wp-content\/uploads\/2020\/09\/napo2-1024x768.jpg\" alt=\"\" data-id=\"263\" data-full-url=\"https:\/\/unidadnapo.edu.ec\/paginaweb\/wp-content\/uploads\/2020\/09\/napo2.jpg\" data-link=\"https:\/\/unidadnapo.edu.ec\/paginaweb\/?attachment_id=263\" class=\"wp-image-263\" srcset=\"https:\/\/unidadnapo.edu.ec\/paginaweb\/wp-content\/uploads\/2020\/09\/napo2-1024x768.jpg 1024w, https:\/\/unidadnapo.edu.ec\/paginaweb\/wp-content\/uploads\/2020\/09\/napo2-300x225.jpg 300w, https:\/\/unidadnapo.edu.ec\/paginaweb\/wp-content\/uploads\/2020\/09\/napo2-768x576.jpg 768w, https:\/\/unidadnapo.edu.ec\/paginaweb\/wp-content\/uploads\/2020\/09\/napo2-1536x1152.jpg 1536w, https:\/\/unidadnapo.edu.ec\/paginaweb\/wp-content\/uploads\/2020\/09\/napo2.jpg 1600w\" sizes=\"auto, (max-width: 1024px) 100vw, 1024px\" \/><\/figure><\/li><\/ul><\/figure>\n\n\n\n<p>La Unidad Educativa Nacional \u201cNapo\u201d, fue creada en el mes de enero de 1976, con el nombre de COLEGIO NACIONAL \u201cNAPO\u201d, mediante la autorizaci\u00f3n del Ministerio de Educaci\u00f3n P\u00fablica, con el ciclo diversificado, especialidad Administraci\u00f3n y Comercio; vista la necesidad de los j\u00f3venes y adultos, al transcurrir el a\u00f1o lectivo 1979-1980, se crea la secci\u00f3n nocturna. Debido al notable incremento de la poblaci\u00f3n estudiantil se ve la necesidad imperiosa y se cambia de denominaci\u00f3n, en UNIDAD EDUCATIVA NACIONAL \u201cNAPO\u201d, mediante Acuerdo N\u00b0 950 de fecha, 16 de octubre de 1986, con el funcionamiento de tres niveles: pre primario, primario y medio.<br>La Unidad Educativa \u201cNapo\u201d, con el lema \u201cPUERTAS ABIERTAS A LA SUPERACI\u00d3N\u201d, desde su creaci\u00f3n viene cumpliendo un papel trascendental, en la formaci\u00f3n de la ni\u00f1ez y juventud como tambi\u00e9n aportando en el desarrollo cultural, social y econ\u00f3mico de nuestra provincia.<br>En el presente A\u00f1o Lectivo 2019-2020, es administrada por la Magister Arm\u00e9niz Mayalita Rend\u00f3n, Rectora Encargada, cuenta con: 167 docentes, Personal Administrativo, de Servicio y Guardian\u00eda; 3418 estudiantes en las modalidades: Educaci\u00f3n Inicial I y II, Preparatoria, Educaci\u00f3n General B\u00e1sica, Bachillerato General Unificado en Ciencias, Inform\u00e1tica, Contabilidad y Bachillerato Internacional; en la Secci\u00f3n Nocturna EDUCACION EXTRAORDINARIA DE J\u00d3VENES Y ADULTOS INTENSIVA PROYECTO EBJA, y el Programa de Educaci\u00f3n para J\u00f3venes y Adultos \u201cMonse\u00f1or Le\u00f3nidas Proa\u00f1o\u201d \u2013 B\u00e1sica Superior Intensiva y Bachillerato Intensivo; acondicionada con: Biblioteca, Laboratorios de Qu\u00edmica, F\u00edsica, Matem\u00e1tica y Computaci\u00f3n; Audiovisuales, Auditorio y el Departamento de Consejer\u00eda Estudiantil (DECE).<\/p>\n","protected":false},"excerpt":{"rendered":"<p>La Unidad Educativa Nacional \u201cNapo\u201d, fue creada en el mes de enero de 1976, con el nombre de COLEGIO NACIONAL &hellip; <\/p>\n","protected":false},"author":1,"featured_media":0,"parent":0,"menu_order":0,"comment_status":"closed","ping_status":"closed","template":"","meta":{"footnotes":""},"class_list":["post-261","page","type-page","status-publish","hentry"],"_links":{"self":[{"href":"https:\/\/unidadnapo.edu.ec\/paginaweb\/wp-json\/wp\/v2\/pages\/261","targetHints":{"allow":["GET"]}}],"collection":[{"href":"https:\/\/unidadnapo.edu.ec\/paginaweb\/wp-json\/wp\/v2\/pages"}],"about":[{"href":"https:\/\/unidadnapo.edu.ec\/paginaweb\/wp-json\/wp\/v2\/types\/page"}],"author":[{"embeddable":true,"href":"https:\/\/unidadnapo.edu.ec\/paginaweb\/wp-json\/wp\/v2\/users\/1"}],"replies":[{"embeddable":true,"href":"https:\/\/unidadnapo.edu.ec\/paginaweb\/wp-json\/wp\/v2\/comments?post=261"}],"version-history":[{"count":1,"href":"https:\/\/unidadnapo.edu.ec\/paginaweb\/wp-json\/wp\/v2\/pages\/261\/revisions"}],"predecessor-version":[{"id":264,"href":"https:\/\/unidadnapo.edu.ec\/paginaweb\/wp-json\/wp\/v2\/pages\/261\/revisions\/264"}],"wp:attachment":[{"href":"https:\/\/unidadnapo.edu.ec\/paginaweb\/wp-json\/wp\/v2\/media?parent=261"}],"curies":[{"name":"wp","href":"https:\/\/api.w.org\/{rel}","templated":true}]}}